{"id":58,"date":"2018-07-19T13:25:03","date_gmt":"2018-07-19T13:25:03","guid":{"rendered":"http:\/\/bag-gutenbergstrasse.de\/?page_id=58"},"modified":"2019-03-22T11:57:53","modified_gmt":"2019-03-22T11:57:53","slug":"online-terminvergabe","status":"publish","type":"page","link":"https:\/\/bag-gutenbergstrasse.de\/?page_id=58","title":{"rendered":"Leistungsspektrum"},"content":{"rendered":"<table>\n<tbody>\n<tr>\n<td>\n<h4 style=\"text-align: left;\"><a href=\"http:\/\/bag-gutenbergstrasse.de\/?page_id=216\" rel=\"noopener\">Dr. med. Daniel Dobbert<\/a><\/h4>\n<p><img loading=\"lazy\" decoding=\"async\" class=\"size-full wp-image-224 aligncenter\" src=\"http:\/\/bag-gutenbergstrasse.de\/wp-content\/uploads\/2019\/01\/Dr.-med.-Daniel-Dobbert.jpg\" alt=\"\" width=\"158\" height=\"177\" \/><\/td>\n<td>\n<h4 style=\"text-align: left;\"><a href=\"http:\/\/bag-gutenbergstrasse.de\/?page_id=227\" rel=\"noopener\">Dr. med. Cornelia Suren<\/a><\/h4>\n<p><img loading=\"lazy\" decoding=\"async\" class=\"size-full wp-image-336 aligncenter\" src=\"http:\/\/bag-gutenbergstrasse.de\/wp-content\/uploads\/2019\/01\/Dr.-med.-Cornelia-Suren.jpg\" alt=\"\" width=\"116\" height=\"177\" \/><\/td>\n<td>\n<h4 style=\"text-align: left;\"><a href=\"http:\/\/bag-gutenbergstrasse.de\/?page_id=231\" rel=\"noopener\">Dipl.-Med. Bettina Posse<\/a><\/h4>\n<p><img loading=\"lazy\" decoding=\"async\" class=\"size-full wp-image-327 aligncenter\" src=\"http:\/\/bag-gutenbergstrasse.de\/wp-content\/uploads\/2019\/01\/DM-Bettina-Posse.jpg\" alt=\"\" width=\"141\" height=\"177\" \/><\/td>\n<\/tr>\n<tr valign=\"top\">\n<td>\n<ul>\n<li>Ambulante Operationen (s.u.)<\/li>\n<li>Chirotherapie (Privatleistung)<\/li>\n<li>R\u00f6ntgen<\/li>\n<li>Behandlung der Osteroporose<\/li>\n<li>Ultraschall der Gelenke und Weichteile, notfallm\u00e4\u00dfig Brustkorb und Bauch<\/li>\n<li>Individuelle Gesundheitsleistung (IGeL)<\/li>\n<\/ul>\n<\/td>\n<td>\n<ul>\n<li>Ambulante Operationen (s.u.)<\/li>\n<li>Chirotherapie<\/li>\n<li>R\u00f6ntgen<\/li>\n<li>Akupunkturbehandlung<\/li>\n<li>Ultraschall der Gelenke und Weichteile, notfallm\u00e4\u00dfig Brustkorb und Bauch<\/li>\n<li>Individuelle Gesundheitsleistungen (IGeL)<\/li>\n<\/ul>\n<\/td>\n<td>\n<ul>\n<li>Ambulante Operationen (s.u.)<\/li>\n<li>R\u00f6ntgen<\/li>\n<li>Ultraschall der Gelenke und Weichteile, notfallm\u00e4\u00dfig Brustkorb und Bauch<\/li>\n<li>Individuelle Gesundheitsleistungen (IGeL)<\/li>\n<\/ul>\n<\/td>\n<\/tr>\n<\/tbody>\n<\/table>\n<p>Wir sind als <strong>Durchgangs\u00e4rzte der Berufsgenossenschaft<\/strong> f\u00fcr die Behandlung von Arbeitsunf\u00e4llen zugelassen. Zu unseren Leistungen im Rahmen der berufsgenossenschaftlichen Heilbehandlung geh\u00f6ren:<\/p>\n<ul>\n<li>Unfallbehandlung, Erstbehandlung von Arbeits-, Schul- und Wegeunf\u00e4llen und soweit erforderlich Weiterleitung in qualifizierte Zentren,<\/li>\n<li>Berufsgenossenschaftliche Heilbehandlung und Begutachtung,<\/li>\n<li>Weiterbehandlung Verletzter nach station\u00e4rem Aufenthalt.<\/li>\n<\/ul>\n<p>Au\u00dferdem erstellen wir Gutachten f\u00fcr Versicherungen und Rechtsanw\u00e4lte.<\/p>\n<h4><strong>Ambulante Operationen<\/strong><\/h4>\n<table>\n<tbody>\n<tr valign=\"top\">\n<td><strong>Chirurgie der K\u00f6rperoberfl\u00e4che<\/strong><\/p>\n<ul>\n<li>Geschw\u00fclste der Haut<\/li>\n<li>Schleimbeutel<\/li>\n<li>Behandlung der Dupuytren-Kontraktur (Verh\u00e4rtung der Hohlhandplatte)<\/li>\n<li>Behandlung von Ganglien und \u00dcberbeinen (Exostosen)<\/li>\n<li>Fremdk\u00f6rperentfernung<\/li>\n<\/ul>\n<p><strong>Handchirurgie<\/strong><\/p>\n<ul>\n<li>Behandlung von Nervenengpasssyndromen (z.B. Karpaltunnelsyndrom)<\/li>\n<li>Schnellender Finger<\/li>\n<li>Daumensattelgelenksarthrose<br \/>\nUnfallchirurgische Operationen<\/li>\n<li>Br\u00fcche an der Hand, am Sprung- und Handgelenk, am Fu\u00df<\/li>\n<li>Weichteilverletzungen<\/li>\n<li>Metallentfernungen<\/li>\n<\/ul>\n<p><strong>Arthroskopische Gelenkchirurgie<\/strong><\/p>\n<p><strong>Schulter:<\/strong> Erkrankungen im Bereich des Schulter- und Ellenbogengelenkes sind h\u00e4ufig sehr komplex. Die Diagnostik und Therapie ist differenziert. Wir bieten ihnen an:<\/p>\n<ul>\n<li>Stabilisierung der Schulter nach Ausrenkung<\/li>\n<li>Bizepssehnenchirurgie<\/li>\n<li>Rekonstruktionen der Rotatorenmanschette<\/li>\n<li>Behandlung des Schulterdachengpasses (Impingement)<\/li>\n<li>Kalkschulter (Tendinitis calcarea)<\/li>\n<li>Behandlung von Ellenbogeninstabilit\u00e4ten<\/li>\n<li>Tennis- und Golferellenbogen<\/li>\n<li>Plica radialis<\/li>\n<li>Entfernung freier Gelenkk\u00f6rper<\/li>\n<li>Knorpeltherapie<\/li>\n<\/ul>\n<p><strong>Knie und Sprunggelenk<\/strong><\/p>\n<ul>\n<li>Meniskuschirurgie<\/li>\n<li>Kreuzbandchirurgie<\/li>\n<li>Kniescheibenluxation<\/li>\n<li>Entfernung freier Gelenkk\u00f6rper<\/li>\n<li>Knorpeltherapie<\/li>\n<li>Impingementtherapie am Sprunggelenk (\u201eFu\u00dfballergelenk\u201c)<\/li>\n<li>Instabilit\u00e4ten<\/li>\n<\/ul>\n<\/td>\n<td><strong>Chirurgie der K\u00f6rperoberfl\u00e4che<\/strong><\/p>\n<ul>\n<li>Geschw\u00fclste der Haut<\/li>\n<li>Schleimbeutel<\/li>\n<li>Abszesse<\/li>\n<li>Behandlung der Dupuytren-Kontraktur (Verh\u00e4rtung der Hohlhandplatte)<\/li>\n<li>Behandlung von Ganglien und \u00dcberbeinen (Exostosen)<\/li>\n<li>Fremdk\u00f6rperentfernung<\/li>\n<\/ul>\n<p><strong>Handchirurgie<\/strong><\/p>\n<ul>\n<li>Behandlung von Nervenengpasssyndromen (z.B. Karpaltunnelsyndrom)<\/li>\n<li>Schnellender Finger<\/li>\n<li>Daumensattelgelenksarthrose<\/li>\n<li>Tennis- und Golferellenbogen<\/li>\n<\/ul>\n<p><strong>Unfallchirurgische Operationen<\/strong><\/p>\n<ul>\n<li>Weichteilverletzungen<\/li>\n<li>Metallentfernungen<\/li>\n<\/ul>\n<p><strong>Arthroskopische Gelenkchirurgie am Knie<\/strong><\/p>\n<ul>\n<li>Meniskuschirurgie<\/li>\n<li>Entfernung freier Gelenkk\u00f6rper<\/li>\n<li>Knorpeltherapie<\/li>\n<\/ul>\n<\/td>\n<td><strong>Chirurgie der K\u00f6rperoberfl\u00e4che<\/strong><\/p>\n<ul>\n<li>Geschw\u00fclste der Haut<\/li>\n<li>Schleimbeutel<\/li>\n<li>Abszesse<\/li>\n<li>Behandlung der Dupuytren-Kontraktur (Verh\u00e4rtung der Hohlhandplatte)<\/li>\n<li>Behandlung von Ganglien und \u00dcberbeinen (Exostosen)<\/li>\n<li>Fremdk\u00f6rperentfernung<\/li>\n<\/ul>\n<p><strong>Handchirurgie<\/strong><\/p>\n<ul>\n<li>Behandlung von Nervenengpasssyndromen (z.B. Karpaltunnelsyndrom)<\/li>\n<li>Schnellender Finger<\/li>\n<li>Daumensattelgelenksarthrose<\/li>\n<li>Tennis- und Golferellenbogen<\/li>\n<\/ul>\n<p><strong>Unfallchirurgische Operationen<\/strong><\/p>\n<ul>\n<li>Weichteilverletzungen<\/li>\n<li>Metallentfernungen<\/li>\n<\/ul>\n<p><strong>Arthroskopische Gelenkchirurgie am Knie<\/strong><\/p>\n<ul>\n<li>Meniskuschirurgie<\/li>\n<li>Entfernung freier Gelenkk\u00f6rper<\/li>\n<li>Knorpeltherapie<\/li>\n<\/ul>\n<\/td>\n<\/tr>\n<\/tbody>\n<\/table>\n<h4>Individuelle Gesundheitsleistungen<\/h4>\n<ul>\n<li>Akupunkturbehandlungen<\/li>\n<li>Sto\u00dfwellentherapie (z.B. Tennisellenbogen, Kalkschulter, Fersensporn, Achillessehnenbeschwerden, chronische Entz\u00fcndungen der Sehnenans\u00e4tze)<\/li>\n<li>Arthrosetherapie (z.B. Hyalurons\u00e4ure-Injektionen am Kniegelenk, Sprunggelenk und Daumensattelgelenk einschlie\u00dflich Beratung)<\/li>\n<li>Dermatologische Eingriffe (z.B. st\u00f6rende Hautver\u00e4nderungen, Narben)<\/li>\n<\/ul>\n<p style=\"text-align: right;\">[<a href=\"http:\/\/bag-gutenbergstrasse.de\/\">zur\u00fcck zur Startseite<\/a>]<\/p>\n","protected":false},"excerpt":{"rendered":"<p>Dr. med. Daniel Dobbert Dr. med. Cornelia Suren Dipl.-Med. Bettina Posse Ambulante Operationen (s.u.) Chirotherapie (Privatleistung) R\u00f6ntgen Behandlung der Osteroporose Ultraschall der Gelenke und Weichteile, notfallm\u00e4\u00dfig Brustkorb und Bauch Individuelle Gesundheitsleistung (IGeL) Ambulante Operationen (s.u.) Chirotherapie R\u00f6ntgen Akupunkturbehandlung Ultraschall der Gelenke und Weichteile, notfallm\u00e4\u00dfig Brustkorb und Bauch Individuelle Gesundheitsleistungen (IGeL) Ambulante Operationen (s.u.) R\u00f6ntgen Ultraschall [&hellip;]<\/p>\n","protected":false},"author":1,"featured_media":0,"parent":0,"menu_order":3,"comment_status":"closed","ping_status":"closed","template":"","meta":{"footnotes":""},"class_list":["post-58","page","type-page","status-publish","hentry"],"_links":{"self":[{"href":"https:\/\/bag-gutenbergstrasse.de\/index.php?rest_route=\/wp\/v2\/pages\/58","targetHints":{"allow":["GET"]}}],"collection":[{"href":"https:\/\/bag-gutenbergstrasse.de\/index.php?rest_route=\/wp\/v2\/pages"}],"about":[{"href":"https:\/\/bag-gutenbergstrasse.de\/index.php?rest_route=\/wp\/v2\/types\/page"}],"author":[{"embeddable":true,"href":"https:\/\/bag-gutenbergstrasse.de\/index.php?rest_route=\/wp\/v2\/users\/1"}],"replies":[{"embeddable":true,"href":"https:\/\/bag-gutenbergstrasse.de\/index.php?rest_route=%2Fwp%2Fv2%2Fcomments&post=58"}],"version-history":[{"count":44,"href":"https:\/\/bag-gutenbergstrasse.de\/index.php?rest_route=\/wp\/v2\/pages\/58\/revisions"}],"predecessor-version":[{"id":354,"href":"https:\/\/bag-gutenbergstrasse.de\/index.php?rest_route=\/wp\/v2\/pages\/58\/revisions\/354"}],"wp:attachment":[{"href":"https:\/\/bag-gutenbergstrasse.de\/index.php?rest_route=%2Fwp%2Fv2%2Fmedia&parent=58"}],"curies":[{"name":"wp","href":"https:\/\/api.w.org\/{rel}","templated":true}]}}