{"id":519,"date":"2025-06-08T14:02:36","date_gmt":"2025-06-08T14:02:36","guid":{"rendered":"https:\/\/bag-gutenbergstrasse.de\/?page_id=519"},"modified":"2025-06-23T08:34:45","modified_gmt":"2025-06-23T08:34:45","slug":"profil-mohamed-elzayat","status":"publish","type":"page","link":"https:\/\/bag-gutenbergstrasse.de\/?page_id=519","title":{"rendered":"Profil Mohamed Elzayat"},"content":{"rendered":"<p><img loading=\"lazy\" decoding=\"async\" class=\"size-medium wp-image-521 alignright\" src=\"http:\/\/bag-gutenbergstrasse.de\/wp-content\/uploads\/2025\/06\/Mohamed-Elzayat_Portrait-201x300.jpg\" alt=\"\" width=\"201\" height=\"300\" srcset=\"https:\/\/bag-gutenbergstrasse.de\/wp-content\/uploads\/2025\/06\/Mohamed-Elzayat_Portrait-201x300.jpg 201w, https:\/\/bag-gutenbergstrasse.de\/wp-content\/uploads\/2025\/06\/Mohamed-Elzayat_Portrait.jpg 214w\" sizes=\"auto, (max-width: 201px) 100vw, 201px\" \/><\/p>\n<p>Nach meinem Medizinstudium an der Universit\u00e4t Alexandria &#8211; \u00c4gypten und dem praktischen Jahr am Universit\u00e4tsklinikum Alexandria zog es mich 2013 nach Deutschland, wo ich meine Facharztausbildung in der Klinik f\u00fcr Orthop\u00e4die und Unfallchirurgie am St\u00e4dtischen Klinikum Dessau absolvierte. Seit 2019 bin ich Facharzt f\u00fcr Orthop\u00e4die und Unfallchirurgie mit den Schwerpunkten Unfallchirurgie, arthroskopische Gelenkchirurgie sowie gelenkerhaltende Eingriffe an Schulter, Ellenbogen und Knie.<\/p>\n<p>Im Jahr 2022 erwarb ich die Zusatzbezeichnung Spezielle Unfallchirurgie und war seither als Oberarzt im St\u00e4dtischen Klinikum Dessau t\u00e4tig. Dort \u00fcbernahm ich die Verantwortung f\u00fcr das \u00fcberregionale Traumazentrum, leitete als Hauptoperateur die unfallchirurgische Versorgung und spezialisierte mich auf arthroskopische Operationen.<\/p>\n<p>Neben meiner klinischen T\u00e4tigkeit bin ich Notarzt der Stadt Dessau-Ro\u00dflau und besitze die Zusatzbezeichnung Notfallmedizin. Zu meinen weiteren Qualifikationen geh\u00f6ren die Zertifizierungen als:<\/p>\n<ul>\n<li>Schulter- und Ellenbogenchirurg der DVSE e.V. sowie als<\/li>\n<li>arthroskopischer Chirurg der AGA \u2013 Gesellschaft f\u00fcr Arthroskopie und Gelenkchirurgie.<\/li>\n<\/ul>\n<p>Mit meiner langj\u00e4hrigen Erfahrung, modernem Fachwissen und viel Engagement setze ich mich daf\u00fcr ein, meinen Patientinnen und Patienten eine kompetente, individuelle und menschliche Behandlung auf h\u00f6chstem Niveau zu bieten.<\/p>\n<p><img loading=\"lazy\" decoding=\"async\" class=\"alignnone size-medium wp-image-533 alignleft\" src=\"http:\/\/bag-gutenbergstrasse.de\/wp-content\/uploads\/2025\/06\/WCC-01-22_AGA_Siegel_RZ_CertifiedSurgeonAdvanced-AGA-126x300.jpg\" alt=\"\" width=\"126\" height=\"300\" srcset=\"https:\/\/bag-gutenbergstrasse.de\/wp-content\/uploads\/2025\/06\/WCC-01-22_AGA_Siegel_RZ_CertifiedSurgeonAdvanced-AGA-126x300.jpg 126w, https:\/\/bag-gutenbergstrasse.de\/wp-content\/uploads\/2025\/06\/WCC-01-22_AGA_Siegel_RZ_CertifiedSurgeonAdvanced-AGA-430x1024.jpg 430w, https:\/\/bag-gutenbergstrasse.de\/wp-content\/uploads\/2025\/06\/WCC-01-22_AGA_Siegel_RZ_CertifiedSurgeonAdvanced-AGA-645x1536.jpg 645w, https:\/\/bag-gutenbergstrasse.de\/wp-content\/uploads\/2025\/06\/WCC-01-22_AGA_Siegel_RZ_CertifiedSurgeonAdvanced-AGA.jpg 756w\" sizes=\"auto, (max-width: 126px) 100vw, 126px\" \/><img loading=\"lazy\" decoding=\"async\" class=\"size-medium wp-image-532 alignnone alignleft\" src=\"http:\/\/bag-gutenbergstrasse.de\/wp-content\/uploads\/2025\/06\/1f3202d820180a39f736f20fce790de8_2_high-1-DVSE-167x300.jpg\" alt=\"\" width=\"167\" height=\"300\" srcset=\"https:\/\/bag-gutenbergstrasse.de\/wp-content\/uploads\/2025\/06\/1f3202d820180a39f736f20fce790de8_2_high-1-DVSE-167x300.jpg 167w, https:\/\/bag-gutenbergstrasse.de\/wp-content\/uploads\/2025\/06\/1f3202d820180a39f736f20fce790de8_2_high-1-DVSE-570x1024.jpg 570w, https:\/\/bag-gutenbergstrasse.de\/wp-content\/uploads\/2025\/06\/1f3202d820180a39f736f20fce790de8_2_high-1-DVSE-768x1380.jpg 768w, https:\/\/bag-gutenbergstrasse.de\/wp-content\/uploads\/2025\/06\/1f3202d820180a39f736f20fce790de8_2_high-1-DVSE-855x1536.jpg 855w, https:\/\/bag-gutenbergstrasse.de\/wp-content\/uploads\/2025\/06\/1f3202d820180a39f736f20fce790de8_2_high-1-DVSE.jpg 882w\" sizes=\"auto, (max-width: 167px) 100vw, 167px\" \/><\/p>\n<p style=\"text-align: right;\">[<a href=\"http:\/\/bag-gutenbergstrasse.de\/\">zur\u00fcck zur Startseite<\/a>]<\/p>\n","protected":false},"excerpt":{"rendered":"<p>Nach meinem Medizinstudium an der Universit\u00e4t Alexandria &#8211; \u00c4gypten und dem praktischen Jahr am Universit\u00e4tsklinikum Alexandria zog es mich 2013 nach Deutschland, wo ich meine Facharztausbildung in der Klinik f\u00fcr Orthop\u00e4die und Unfallchirurgie am St\u00e4dtischen Klinikum Dessau absolvierte. Seit 2019 bin ich Facharzt f\u00fcr Orthop\u00e4die und Unfallchirurgie mit den Schwerpunkten Unfallchirurgie, arthroskopische Gelenkchirurgie sowie gelenkerhaltende [&hellip;]<\/p>\n","protected":false},"author":1,"featured_media":0,"parent":72,"menu_order":4,"comment_status":"closed","ping_status":"closed","template":"","meta":{"footnotes":""},"class_list":["post-519","page","type-page","status-publish","hentry"],"_links":{"self":[{"href":"https:\/\/bag-gutenbergstrasse.de\/index.php?rest_route=\/wp\/v2\/pages\/519","targetHints":{"allow":["GET"]}}],"collection":[{"href":"https:\/\/bag-gutenbergstrasse.de\/index.php?rest_route=\/wp\/v2\/pages"}],"about":[{"href":"https:\/\/bag-gutenbergstrasse.de\/index.php?rest_route=\/wp\/v2\/types\/page"}],"author":[{"embeddable":true,"href":"https:\/\/bag-gutenbergstrasse.de\/index.php?rest_route=\/wp\/v2\/users\/1"}],"replies":[{"embeddable":true,"href":"https:\/\/bag-gutenbergstrasse.de\/index.php?rest_route=%2Fwp%2Fv2%2Fcomments&post=519"}],"version-history":[{"count":13,"href":"https:\/\/bag-gutenbergstrasse.de\/index.php?rest_route=\/wp\/v2\/pages\/519\/revisions"}],"predecessor-version":[{"id":547,"href":"https:\/\/bag-gutenbergstrasse.de\/index.php?rest_route=\/wp\/v2\/pages\/519\/revisions\/547"}],"up":[{"embeddable":true,"href":"https:\/\/bag-gutenbergstrasse.de\/index.php?rest_route=\/wp\/v2\/pages\/72"}],"wp:attachment":[{"href":"https:\/\/bag-gutenbergstrasse.de\/index.php?rest_route=%2Fwp%2Fv2%2Fmedia&parent=519"}],"curies":[{"name":"wp","href":"https:\/\/api.w.org\/{rel}","templated":true}]}}