{"id":227,"date":"2019-01-07T14:08:51","date_gmt":"2019-01-07T14:08:51","guid":{"rendered":"http:\/\/bag-gutenbergstrasse.de\/?page_id=227"},"modified":"2019-01-31T13:17:13","modified_gmt":"2019-01-31T13:17:13","slug":"profil-dr-med-cornelia-suren","status":"publish","type":"page","link":"https:\/\/bag-gutenbergstrasse.de\/?page_id=227","title":{"rendered":"Profil Dr. med. Cornelia Suren"},"content":{"rendered":"<p><img loading=\"lazy\" decoding=\"async\" class=\"size-full wp-image-336 alignnone\" src=\"http:\/\/bag-gutenbergstrasse.de\/wp-content\/uploads\/2019\/01\/Dr.-med.-Cornelia-Suren.jpg\" alt=\"\" width=\"116\" height=\"177\" \/><\/p>\n<p>Als Fach\u00e4rztin f\u00fcr Chirurgie, Unfallchirurgie, Sportmedizin und Manuelle Therapie liegt mein Schwerpunkt auf der Behandlung von Verletzungen und degenerativen Ver\u00e4nderungen des Skeletts.<\/p>\n<p>Im Rahmen ambulanter Operationen werden neben Arthroskopien am Kniegelenk auch handchirurgische Eingriffe wie z.B. Engpasssyndrome an Nerven sowie Eingriffe an der K\u00f6rperoberfl\u00e4che von mir durchgef\u00fchrt.<\/p>\n<p>Als ausgebildete Manualtherapeutin und Sportmedizinerin kann ich Ihnen eine breite Palette konservativer Therapieoptionen wie z.B. die Sto\u00dfwellentherapie oder Hyalurons\u00e4ure-Injektionen anbieten.<\/p>\n<p>Ich bin Mitglied im Berufsverband Niedergelassener Chirurgen.<\/p>\n<p><a href=\"http:\/\/bag-gutenbergstrasse.de\/?page_id=58\">Leistungsspektrum<\/a><\/p>\n<p style=\"text-align: right;\">[<a href=\"http:\/\/bag-gutenbergstrasse.de\/\">zur\u00fcck zur Startseite<\/a>]<\/p>\n","protected":false},"excerpt":{"rendered":"<p>Als Fach\u00e4rztin f\u00fcr Chirurgie, Unfallchirurgie, Sportmedizin und Manuelle Therapie liegt mein Schwerpunkt auf der Behandlung von Verletzungen und degenerativen Ver\u00e4nderungen des Skeletts. Im Rahmen ambulanter Operationen werden neben Arthroskopien am Kniegelenk auch handchirurgische Eingriffe wie z.B. Engpasssyndrome an Nerven sowie Eingriffe an der K\u00f6rperoberfl\u00e4che von mir durchgef\u00fchrt. Als ausgebildete Manualtherapeutin und Sportmedizinerin kann ich Ihnen [&hellip;]<\/p>\n","protected":false},"author":1,"featured_media":0,"parent":72,"menu_order":2,"comment_status":"closed","ping_status":"closed","template":"","meta":{"footnotes":""},"class_list":["post-227","page","type-page","status-publish","hentry"],"_links":{"self":[{"href":"https:\/\/bag-gutenbergstrasse.de\/index.php?rest_route=\/wp\/v2\/pages\/227","targetHints":{"allow":["GET"]}}],"collection":[{"href":"https:\/\/bag-gutenbergstrasse.de\/index.php?rest_route=\/wp\/v2\/pages"}],"about":[{"href":"https:\/\/bag-gutenbergstrasse.de\/index.php?rest_route=\/wp\/v2\/types\/page"}],"author":[{"embeddable":true,"href":"https:\/\/bag-gutenbergstrasse.de\/index.php?rest_route=\/wp\/v2\/users\/1"}],"replies":[{"embeddable":true,"href":"https:\/\/bag-gutenbergstrasse.de\/index.php?rest_route=%2Fwp%2Fv2%2Fcomments&post=227"}],"version-history":[{"count":9,"href":"https:\/\/bag-gutenbergstrasse.de\/index.php?rest_route=\/wp\/v2\/pages\/227\/revisions"}],"predecessor-version":[{"id":339,"href":"https:\/\/bag-gutenbergstrasse.de\/index.php?rest_route=\/wp\/v2\/pages\/227\/revisions\/339"}],"up":[{"embeddable":true,"href":"https:\/\/bag-gutenbergstrasse.de\/index.php?rest_route=\/wp\/v2\/pages\/72"}],"wp:attachment":[{"href":"https:\/\/bag-gutenbergstrasse.de\/index.php?rest_route=%2Fwp%2Fv2%2Fmedia&parent=227"}],"curies":[{"name":"wp","href":"https:\/\/api.w.org\/{rel}","templated":true}]}}