{"id":11,"date":"2018-07-19T10:44:14","date_gmt":"2018-07-19T10:44:14","guid":{"rendered":"http:\/\/bag-gutenbergstrasse.de\/?page_id=11"},"modified":"2025-06-10T11:21:04","modified_gmt":"2025-06-10T11:21:04","slug":"home","status":"publish","type":"page","link":"https:\/\/bag-gutenbergstrasse.de\/","title":{"rendered":"Home"},"content":{"rendered":"<div>\n<div><\/div>\n<\/div>\n<h3><\/h3>\n<h3><span style=\"color: #ee591f;\"><em>&#8222;Die besten Dinge im Leben sind nicht die, die man f\u00fcr Geld bekommt.&#8220;<\/em><\/span><\/h3>\n<p style=\"text-align: right;\"><span style=\"color: #ee591f;\"><em>Albert Einstein zum Thema Gesundheit<\/em><\/span><\/p>\n<p><img loading=\"lazy\" decoding=\"async\" class=\" wp-image-385 alignright\" src=\"http:\/\/bag-gutenbergstrasse.de\/wp-content\/uploads\/2021\/01\/Logo-final-512-121x300.jpg\" alt=\"\" width=\"83\" height=\"206\" srcset=\"https:\/\/bag-gutenbergstrasse.de\/wp-content\/uploads\/2021\/01\/Logo-final-512-121x300.jpg 121w, https:\/\/bag-gutenbergstrasse.de\/wp-content\/uploads\/2021\/01\/Logo-final-512.jpg 205w\" sizes=\"auto, (max-width: 83px) 100vw, 83px\" \/><\/p>\n<p>Sehr geehrte Patienten,<\/p>\n<p>herzlich willkommen in unserer Gemeinschaftspraxis.<\/p>\n<p>&nbsp;<\/p>\n<p>Kompetenz durch Spezialisierung &#8211; Mit diesem Leitbild begleiten wir Sie gern auf dem Weg der Genesung. Um die immer komplexeren Therapiemethoden f\u00fcr Sie zug\u00e4nglich zu machen, haben wir uns spezialisiert. Wir m\u00f6chten dabei ein besonderes Augenmerk auf die Behandlung von Verletzungen, aber auch auf degenerative Erkrankungen lenken.<\/p>\n<p>Wir sind f\u00fcr Sie da.<\/p>\n<p>&nbsp;<\/p>\n<table>\n<tbody>\n<tr>\n<td><img loading=\"lazy\" decoding=\"async\" class=\"size-full wp-image-336 alignleft\" src=\"http:\/\/bag-gutenbergstrasse.de\/wp-content\/uploads\/2019\/01\/Dr.-med.-Cornelia-Suren.jpg\" alt=\"\" width=\"116\" height=\"177\" \/> <a href=\"https:\/\/bag-gutenbergstrasse.de\/?page_id=227\">Dr. med. Cornelia Suren<\/a><\/p>\n<p>Fach\u00e4rztin f\u00fcr Chirurgie<br \/>\nUnfallchirurgie<br \/>\nChirotherapie<\/td>\n<td>\n<p style=\"text-align: right;\"><img loading=\"lazy\" decoding=\"async\" class=\"alignnone size-full wp-image-327 alignright\" src=\"http:\/\/bag-gutenbergstrasse.de\/wp-content\/uploads\/2019\/01\/DM-Bettina-Posse.jpg\" alt=\"\" width=\"141\" height=\"177\" \/><a href=\"https:\/\/bag-gutenbergstrasse.de\/?page_id=231\">Dipl.-Med. Bettina Posse<\/a><\/p>\n<p style=\"text-align: right;\">Fach\u00e4rztin f\u00fcr Chirurgie<br \/>\nUnfallchirurgie<\/p>\n<\/td>\n<\/tr>\n<tr>\n<td><img loading=\"lazy\" decoding=\"async\" class=\"alignnone size-full wp-image-224 alignleft\" src=\"http:\/\/bag-gutenbergstrasse.de\/wp-content\/uploads\/2019\/01\/Dr.-med.-Daniel-Dobbert.jpg\" alt=\"\" width=\"158\" height=\"177\" \/><\/p>\n<p style=\"text-align: left;\"><a href=\"https:\/\/bag-gutenbergstrasse.de\/?page_id=216\">Dr. med. Daniel Dobbert<\/a><\/p>\n<p>Facharzt f\u00fcr Orthop\u00e4die<br \/>\nUnfallchirurgie<br \/>\nSpezielle Unfallchirurgie<br \/>\nFachgebundene Radiologie-Skelett<\/p>\n<p style=\"text-align: left;\"><a href=\"https:\/\/knorpelexperte.de\"><img loading=\"lazy\" decoding=\"async\" class=\"alignnone wp-image-459 size-medium\" src=\"http:\/\/bag-gutenbergstrasse.de\/wp-content\/uploads\/2024\/08\/Knorpellogo-300x15.png\" alt=\"\" width=\"300\" height=\"15\" srcset=\"https:\/\/bag-gutenbergstrasse.de\/wp-content\/uploads\/2024\/08\/Knorpellogo-300x15.png 300w, https:\/\/bag-gutenbergstrasse.de\/wp-content\/uploads\/2024\/08\/Knorpellogo.png 501w\" sizes=\"auto, (max-width: 300px) 100vw, 300px\" \/><\/a><\/p>\n<\/td>\n<td><img loading=\"lazy\" decoding=\"async\" class=\"alignright wp-image-492 size-full\" src=\"http:\/\/bag-gutenbergstrasse.de\/wp-content\/uploads\/2025\/06\/Mohamed-Elzayat.jpg\" alt=\"\" width=\"138\" height=\"177\" \/><\/p>\n<p style=\"text-align: right;\"><a href=\"https:\/\/bag-gutenbergstrasse.de\/?page_id=519\">Mohamed Elzayat<\/a><\/p>\n<p style=\"text-align: right;\">Facharzt f\u00fcr Orthop\u00e4die und Unfallchirurgie<br \/>\nSpezielle Unfallchirurgie<br \/>\nAGA advanced certified Surgeon (Arthriskopie-Gesellschaft)<br \/>\nZertifizierter Schulter und Ellenbogenchirurg der DVSE e.V.<\/p>\n<p>&nbsp;<\/td>\n<\/tr>\n<\/tbody>\n<\/table>\n<p>&nbsp;<\/p>\n<h3>\u00d6ffnungzeiten:<\/h3>\n<p><strong>Mo.-Fr.:\u00a0 08.00 &#8211; 16.00 Uhr<\/strong><\/p>\n<p>Bitte beachten Sie, dass nicht alle \u00c4rzte w\u00e4hrend der gesamten Sprechstundenzeiten anwesend sind. Wir empfehlen Ihnen, einen Termin zu vereinbaren.<\/p>\n<p>Bitte bringen Sie vorhandene Befunde mit. Da wir auch Notfallpatienten behandeln, bitten wir an dieser Stelle um Ihr Verst\u00e4ndnis f\u00fcr diesbez\u00fcglich gegebenenfalls auftretende Wartezeiten.<\/p>\n<p>&nbsp;<\/p>\n<h3>Terminvereinbarung:<\/h3>\n<p><strong>Tel.-Nr.: 0340 \/ 8828258<\/strong><\/p>\n<p><a href=\"https:\/\/www.eTermin.net\/danieldobbert\" target=\"_blank\" rel=\"noopener noreferrer\">eTermin Buchungssystem &#8211; der Online Terminkalender zur einfachen Terminbuchung!<\/a><\/p>\n<p>&nbsp;<\/p>\n<p><img loading=\"lazy\" decoding=\"async\" class=\"alignleft wp-image-425\" src=\"http:\/\/bag-gutenbergstrasse.de\/wp-content\/uploads\/2022\/08\/SA_Digital_Innovation_EU-1024x296.jpg\" alt=\"\" width=\"512\" height=\"148\" srcset=\"https:\/\/bag-gutenbergstrasse.de\/wp-content\/uploads\/2022\/08\/SA_Digital_Innovation_EU-1024x296.jpg 1024w, https:\/\/bag-gutenbergstrasse.de\/wp-content\/uploads\/2022\/08\/SA_Digital_Innovation_EU-300x87.jpg 300w, https:\/\/bag-gutenbergstrasse.de\/wp-content\/uploads\/2022\/08\/SA_Digital_Innovation_EU-768x222.jpg 768w, https:\/\/bag-gutenbergstrasse.de\/wp-content\/uploads\/2022\/08\/SA_Digital_Innovation_EU-1536x444.jpg 1536w, https:\/\/bag-gutenbergstrasse.de\/wp-content\/uploads\/2022\/08\/SA_Digital_Innovation_EU.jpg 1683w\" sizes=\"auto, (max-width: 512px) 100vw, 512px\" \/><\/p>\n","protected":false},"excerpt":{"rendered":"<p>&#8222;Die besten Dinge im Leben sind nicht die, die man f\u00fcr Geld bekommt.&#8220; Albert Einstein zum Thema Gesundheit Sehr geehrte Patienten, herzlich willkommen in unserer Gemeinschaftspraxis. &nbsp; Kompetenz durch Spezialisierung &#8211; Mit diesem Leitbild begleiten wir Sie gern auf dem Weg der Genesung. Um die immer komplexeren Therapiemethoden f\u00fcr Sie zug\u00e4nglich zu machen, haben wir [&hellip;]<\/p>\n","protected":false},"author":1,"featured_media":0,"parent":0,"menu_order":1,"comment_status":"closed","ping_status":"closed","template":"","meta":{"footnotes":""},"class_list":["post-11","page","type-page","status-publish","hentry"],"_links":{"self":[{"href":"https:\/\/bag-gutenbergstrasse.de\/index.php?rest_route=\/wp\/v2\/pages\/11","targetHints":{"allow":["GET"]}}],"collection":[{"href":"https:\/\/bag-gutenbergstrasse.de\/index.php?rest_route=\/wp\/v2\/pages"}],"about":[{"href":"https:\/\/bag-gutenbergstrasse.de\/index.php?rest_route=\/wp\/v2\/types\/page"}],"author":[{"embeddable":true,"href":"https:\/\/bag-gutenbergstrasse.de\/index.php?rest_route=\/wp\/v2\/users\/1"}],"replies":[{"embeddable":true,"href":"https:\/\/bag-gutenbergstrasse.de\/index.php?rest_route=%2Fwp%2Fv2%2Fcomments&post=11"}],"version-history":[{"count":69,"href":"https:\/\/bag-gutenbergstrasse.de\/index.php?rest_route=\/wp\/v2\/pages\/11\/revisions"}],"predecessor-version":[{"id":542,"href":"https:\/\/bag-gutenbergstrasse.de\/index.php?rest_route=\/wp\/v2\/pages\/11\/revisions\/542"}],"wp:attachment":[{"href":"https:\/\/bag-gutenbergstrasse.de\/index.php?rest_route=%2Fwp%2Fv2%2Fmedia&parent=11"}],"curies":[{"name":"wp","href":"https:\/\/api.w.org\/{rel}","templated":true}]}}